{"id":169,"date":"2024-09-28T11:50:31","date_gmt":"2024-09-28T09:50:31","guid":{"rendered":"https:\/\/chemnitz2025.gcl.de\/?page_id=169"},"modified":"2025-03-22T19:06:29","modified_gmt":"2025-03-22T18:06:29","slug":"verpflegung","status":"publish","type":"page","link":"https:\/\/chemnitz2025.gcl.de\/en\/verpflegung\/","title":{"rendered":"Meals"},"content":{"rendered":"<p>You can book lunch and dinner at the youth hostel; also guests who are not staying there can book meals there.<\/p>\n\n\n\n<p>Thursday lunchtime, Friday after Holy Mass and on Saturday evening for the final party we have organised catering.<\/p>\n\n\n\n<p>F\u00fcr alle anderen Mahlzeiten nutzen Sie bitte die Verpflegungsm\u00f6glichkeiten in den Unterk\u00fcnften oder in der Stadt.<\/p>","protected":false},"excerpt":{"rendered":"<p>In der Jugendherberge kann Verpflegung f\u00fcr Mittag und Abend auch f\u00fcr externe G\u00e4ste gebucht werden. Am Donnerstagmittag, am Freitagabend nach der Eucharistiefeier und am Samstagabend zum Abschlussfest ist f\u00fcr Verpflegung gesorgt. F\u00fcr alle anderen Mahlzeiten nutzen Sie bitte die Verpflegungsm\u00f6glichkeiten in den Unterk\u00fcnften oder in der Stadt.<\/p>","protected":false},"author":1,"featured_media":0,"parent":0,"menu_order":0,"comment_status":"closed","ping_status":"closed","template":"","meta":{"_acf_changed":false,"_et_pb_use_builder":"","_et_pb_old_content":"","_et_gb_content_width":"","footnotes":""},"class_list":["post-169","page","type-page","status-publish","hentry"],"acf":[],"_links":{"self":[{"href":"https:\/\/chemnitz2025.gcl.de\/en\/wp-json\/wp\/v2\/pages\/169","targetHints":{"allow":["GET"]}}],"collection":[{"href":"https:\/\/chemnitz2025.gcl.de\/en\/wp-json\/wp\/v2\/pages"}],"about":[{"href":"https:\/\/chemnitz2025.gcl.de\/en\/wp-json\/wp\/v2\/types\/page"}],"author":[{"embeddable":true,"href":"https:\/\/chemnitz2025.gcl.de\/en\/wp-json\/wp\/v2\/users\/1"}],"replies":[{"embeddable":true,"href":"https:\/\/chemnitz2025.gcl.de\/en\/wp-json\/wp\/v2\/comments?post=169"}],"version-history":[{"count":2,"href":"https:\/\/chemnitz2025.gcl.de\/en\/wp-json\/wp\/v2\/pages\/169\/revisions"}],"predecessor-version":[{"id":470,"href":"https:\/\/chemnitz2025.gcl.de\/en\/wp-json\/wp\/v2\/pages\/169\/revisions\/470"}],"wp:attachment":[{"href":"https:\/\/chemnitz2025.gcl.de\/en\/wp-json\/wp\/v2\/media?parent=169"}],"curies":[{"name":"wp","href":"https:\/\/api.w.org\/{rel}","templated":true}]}}