{"id":246,"date":"2024-10-05T15:29:41","date_gmt":"2024-10-05T13:29:41","guid":{"rendered":"https:\/\/chemnitz2025.gcl.de\/?page_id=246"},"modified":"2024-10-05T15:32:12","modified_gmt":"2024-10-05T13:32:12","slug":"impressum","status":"publish","type":"page","link":"https:\/\/chemnitz2025.gcl.de\/en\/impressum\/","title":{"rendered":"Impressum"},"content":{"rendered":"<h2 class=\"wp-block-heading\">&nbsp;<\/h2>\n\n\n\n<p><strong>Gemeinschaft Christlichen Lebens \/ Christian Life Communities<\/strong><br><strong>Regional communities in the dioceses Dresden-Mei\u00dfen and G\u00f6rlitz<br>Dresden-Mei\u00dfen und G\u00f6rlitz<\/strong><br>Dresdener Stra\u00dfe 73<br>01326 Dresden<\/p>\n\n\n\n<p><strong>Vertreten durch:<\/strong><br>Thomas Leis<\/p>\n\n\n\n<h2 class=\"wp-block-heading\">Contact<\/h2>\n\n\n\n<p>Tel: 0351 \/ 261 64 12<br>mail: dresden@gcl.de<\/p>\n\n\n\n<h2 class=\"wp-block-heading\">Umsatzsteuer-ID<\/h2>\n\n\n\n<p>Kein Mehrwertsteuerausweis, da Verein nach \u00a7 4 UStG..<\/p>\n\n\n\n<h2 class=\"wp-block-heading\">Redaktionell verantwortlich<\/h2>\n\n\n\n<p>Vorsitzender des Leitungsteams der Regionalgemeinschaft Dresden-Mei\u00dfen\/G\u00f6rlitz<br>Thomas Leis<br>H\u00f6lderlinstr. 11a<br>09114 Chemnitz<\/p>\n\n\n\n<h2 class=\"wp-block-heading\">EU-Streitschlichtung<\/h2>\n\n\n\n<p>Die Europ\u00e4ische Kommission stellt eine Plattform zur Online-Streitbeilegung (OS) bereit:&nbsp;<a href=\"https:\/\/ec.europa.eu\/consumers\/odr\/\" target=\"_blank\" rel=\"noreferrer noopener\">https:\/\/ec.europa.eu\/consumers\/odr\/<\/a>.<br>Unsere E-Mail-Adresse finden Sie oben im Impressum.<\/p>\n\n\n\n<h2 class=\"wp-block-heading\">Verbraucher\u00adstreit\u00adbeilegung\/Universal\u00adschlichtungs\u00adstelle<\/h2>\n\n\n\n<p>Wir sind nicht bereit oder verpflichtet, an Streitbeilegungsverfahren vor einer Verbraucherschlichtungsstelle teilzunehmen.<\/p>","protected":false},"excerpt":{"rendered":"<p>&nbsp; Gemeinschaft Christlichen LebensRegionalgemeinschaft in den Di\u00f6zesenDresden-Mei\u00dfen und G\u00f6rlitzDresdener Stra\u00dfe 7301326 Dresden Vertreten durch:Thomas Leis Kontakt Tel: 0351 \/ 261 64 12E-Mail: dresden@gcl.de Umsatzsteuer-ID Kein Mehrwertsteuerausweis, da Verein nach \u00a7 4 UStG.. Redaktionell verantwortlich Vorsitzender des Leitungsteams der Regionalgemeinschaft Dresden-Mei\u00dfen\/G\u00f6rlitzThomas LeisH\u00f6lderlinstr. 11a09114 Chemnitz EU-Streitschlichtung Die Europ\u00e4ische Kommission stellt eine Plattform zur Online-Streitbeilegung (OS) bereit:&nbsp;https:\/\/ec.europa.eu\/consumers\/odr\/.Unsere E-Mail-Adresse [&hellip;]<\/p>\n","protected":false},"author":1,"featured_media":0,"parent":0,"menu_order":0,"comment_status":"closed","ping_status":"closed","template":"","meta":{"_acf_changed":false,"_et_pb_use_builder":"","_et_pb_old_content":"","_et_gb_content_width":"","footnotes":""},"class_list":["post-246","page","type-page","status-publish","hentry"],"acf":[],"_links":{"self":[{"href":"https:\/\/chemnitz2025.gcl.de\/en\/wp-json\/wp\/v2\/pages\/246","targetHints":{"allow":["GET"]}}],"collection":[{"href":"https:\/\/chemnitz2025.gcl.de\/en\/wp-json\/wp\/v2\/pages"}],"about":[{"href":"https:\/\/chemnitz2025.gcl.de\/en\/wp-json\/wp\/v2\/types\/page"}],"author":[{"embeddable":true,"href":"https:\/\/chemnitz2025.gcl.de\/en\/wp-json\/wp\/v2\/users\/1"}],"replies":[{"embeddable":true,"href":"https:\/\/chemnitz2025.gcl.de\/en\/wp-json\/wp\/v2\/comments?post=246"}],"version-history":[{"count":2,"href":"https:\/\/chemnitz2025.gcl.de\/en\/wp-json\/wp\/v2\/pages\/246\/revisions"}],"predecessor-version":[{"id":249,"href":"https:\/\/chemnitz2025.gcl.de\/en\/wp-json\/wp\/v2\/pages\/246\/revisions\/249"}],"wp:attachment":[{"href":"https:\/\/chemnitz2025.gcl.de\/en\/wp-json\/wp\/v2\/media?parent=246"}],"curies":[{"name":"wp","href":"https:\/\/api.w.org\/{rel}","templated":true}]}}